{"id":75,"date":"2025-01-30T15:02:12","date_gmt":"2025-01-30T15:02:12","guid":{"rendered":"https:\/\/www.irisfotografcilik.com\/?page_id=75"},"modified":"2025-02-01T16:25:53","modified_gmt":"2025-02-01T16:25:53","slug":"ozel-etkinlik-iris-fotografciligi","status":"publish","type":"page","link":"https:\/\/www.irisfotografcilik.com\/?page_id=75","title":{"rendered":"\u00d6zel Etkinlik \u0130ris Foto\u011fraf\u00e7\u0131l\u0131\u011f\u0131"},"content":{"rendered":"\t\t<div data-elementor-type=\"wp-page\" data-elementor-id=\"75\" class=\"elementor elementor-75\">\n\t\t\t\t\t\t<section class=\"elementor-section elementor-top-section elementor-element elementor-element-4b1d2f2 elementor-section-height-min-height elementor-section-boxed elementor-section-height-default elementor-section-items-middle\" data-id=\"4b1d2f2\" data-element_type=\"section\" data-e-type=\"section\" data-settings=\"{&quot;background_background&quot;:&quot;classic&quot;,&quot;shape_divider_bottom&quot;:&quot;tilt&quot;}\">\n\t\t\t\t\t\t\t<div class=\"elementor-background-overlay\"><\/div>\n\t\t\t\t\t\t<div class=\"elementor-shape elementor-shape-bottom\" aria-hidden=\"true\" data-negative=\"false\">\n\t\t\t<svg xmlns=\"http:\/\/www.w3.org\/2000\/svg\" viewBox=\"0 0 1000 100\" preserveAspectRatio=\"none\">\n\t<path class=\"elementor-shape-fill\" d=\"M0,6V0h1000v100L0,6z\"\/>\n<\/svg>\t\t<\/div>\n\t\t\t\t\t<div class=\"elementor-container elementor-column-gap-default\">\n\t\t\t\t\t<div class=\"elementor-column elementor-col-100 elementor-top-column elementor-element elementor-element-052cd80\" data-id=\"052cd80\" data-element_type=\"column\" data-e-type=\"column\" data-settings=\"{&quot;background_background&quot;:&quot;classic&quot;}\">\n\t\t\t<div class=\"elementor-widget-wrap elementor-element-populated\">\n\t\t\t\t<div class=\"elementor-element elementor-element-0a99128 e-flex e-con-boxed e-con e-parent\" data-id=\"0a99128\" data-element_type=\"container\" data-e-type=\"container\">\n\t\t\t\t\t<div class=\"e-con-inner\">\n\t\t<div class=\"elementor-element elementor-element-a1f82b5 e-con-full e-flex e-con e-child\" data-id=\"a1f82b5\" data-element_type=\"container\" data-e-type=\"container\">\n\t\t\t\t<div class=\"elementor-element elementor-element-c4739ed elementor-widget elementor-widget-heading\" data-id=\"c4739ed\" data-element_type=\"widget\" data-e-type=\"widget\" data-widget_type=\"heading.default\">\n\t\t\t\t\t<h2 class=\"elementor-heading-title elementor-size-default\">\u0130ris Foto\u011fraf\u00e7\u0131l\u0131k\nEtkinliklerde Yenilik<\/h2>\t\t\t\t<\/div>\n\t\t\t\t<\/div>\n\t\t\t\t\t<\/div>\n\t\t\t\t<\/div>\n\t\t\t\t\t<\/div>\n\t\t<\/div>\n\t\t\t\t\t<\/div>\n\t\t<\/section>\n\t\t<div class=\"elementor-element elementor-element-ba85f4a e-flex e-con-boxed e-con e-parent\" data-id=\"ba85f4a\" data-element_type=\"container\" data-e-type=\"container\">\n\t\t\t\t\t<div class=\"e-con-inner\">\n\t\t\t\t<div class=\"elementor-element elementor-element-d9af95a elementor-widget elementor-widget-heading\" data-id=\"d9af95a\" data-element_type=\"widget\" data-e-type=\"widget\" data-widget_type=\"heading.default\">\n\t\t\t\t\t<h4 class=\"elementor-heading-title elementor-size-default\">G\u00f6z Foto\u011fraf\u00e7\u0131l\u0131\u011f\u0131<\/h4>\t\t\t\t<\/div>\n\t\t\t\t<div class=\"elementor-element elementor-element-1876f93 elementor-widget elementor-widget-heading\" data-id=\"1876f93\" data-element_type=\"widget\" data-e-type=\"widget\" data-widget_type=\"heading.default\">\n\t\t\t\t\t<h3 class=\"elementor-heading-title elementor-size-default\">ETK\u0130NL\u0130KLER\u0130N\u0130Z\u0130 M\u00dcTH\u0130\u015e HALE GET\u0130R\u0130N<\/h3>\t\t\t\t<\/div>\n\t\t\t\t<div class=\"elementor-element elementor-element-146a48a elementor-widget elementor-widget-text-editor\" data-id=\"146a48a\" data-element_type=\"widget\" data-e-type=\"widget\" data-widget_type=\"text-editor.default\">\n\t\t\t\t\t\t\t\t\t<p>G\u00f6z Foto\u011fraf\u00e7\u0131l\u0131\u011f\u0131, etkinlikler i\u00e7in yeni ve benzersiz bir e\u011flencedir; foto\u011fraf\u00e7\u0131, konuklar\u0131n\u0131z\u0131n g\u00f6zlerinin foto\u011fraflar\u0131n\u0131 \u00e7eker ve daha sonra bunu sanata d\u00f6n\u00fc\u015ft\u00fcr\u00fcr, bu etkinlikte canl\u0131 olarak ger\u00e7ekle\u015fir!<\/p><p>Bu hizmet, a\u011f olu\u015fturma etkinlikleri, konferanslar ve kurumsal toplant\u0131lar\u0131n yan\u0131 s\u0131ra teknoloji, bilim, gelecek vizyonu ve sanat temalar\u0131 i\u00e7eren etkinlikler i\u00e7in m\u00fckemmeldir. G\u00f6z foto\u011fraf\u00e7\u0131l\u0131\u011f\u0131 portreleri, m\u00fc\u015fterinizin logosu veya etkinlik markas\u0131yla markalanabilir. Bu ger\u00e7ekten benzersiz bir deneyimdir ve bu eylem etkinliklerde her zaman muhte\u015fem bir cazibe merkezidir. Foto\u011fraf\u00e7\u0131lar T\u00fcrkiye\u2019de bulunmaktad\u0131r ve d\u00fcnyan\u0131n her yerinde performans sergilemeye haz\u0131rd\u0131r.<\/p>\t\t\t\t\t\t\t\t<\/div>\n\t\t\t\t\t<\/div>\n\t\t\t\t<\/div>\n\t\t\t\t<section class=\"elementor-section elementor-top-section elementor-element elementor-element-f9dae48 elementor-section-boxed elementor-section-height-default elementor-section-height-default\" data-id=\"f9dae48\" data-element_type=\"section\" data-e-type=\"section\">\n\t\t\t\t\t\t<div class=\"elementor-container elementor-column-gap-default\">\n\t\t\t\t\t<div class=\"elementor-column elementor-col-50 elementor-top-column elementor-element elementor-element-fafc4f5\" data-id=\"fafc4f5\" data-element_type=\"column\" data-e-type=\"column\" data-settings=\"{&quot;background_background&quot;:&quot;classic&quot;}\">\n\t\t\t<div class=\"elementor-widget-wrap\">\n\t\t\t\t\t\t\t<\/div>\n\t\t<\/div>\n\t\t\t\t<div class=\"elementor-column elementor-col-50 elementor-top-column elementor-element elementor-element-4e958e9\" data-id=\"4e958e9\" data-element_type=\"column\" data-e-type=\"column\">\n\t\t\t<div class=\"elementor-widget-wrap elementor-element-populated\">\n\t\t\t\t\t\t<div class=\"elementor-element elementor-element-b657900 elementor-widget elementor-widget-heading\" data-id=\"b657900\" data-element_type=\"widget\" data-e-type=\"widget\" data-widget_type=\"heading.default\">\n\t\t\t\t\t<h4 class=\"elementor-heading-title elementor-size-default\">\u0130ris foto\u011fraf\u00e7\u0131l\u0131\u011f\u0131 ile etkinlikler<\/h4>\t\t\t\t<\/div>\n\t\t\t\t<div class=\"elementor-element elementor-element-67844b3 elementor-widget elementor-widget-text-editor\" data-id=\"67844b3\" data-element_type=\"widget\" data-e-type=\"widget\" data-widget_type=\"text-editor.default\">\n\t\t\t\t\t\t\t\t\t<p>Mobil Irisfoto stand\u0131 ile firman\u0131za veya \u00f6zel partinize gelerek misafirlerinizin\/\u00e7al\u0131\u015fanlar\u0131n\u0131z\u0131n\/m\u00fc\u015fterilerinizin g\u00f6z\u00fcnden sanat eserleri yarat\u0131yoruz.<\/p><p>\u0130ris foto\u011fraf\u00e7\u0131l\u0131\u011f\u0131 ile misafirlerinize\u00a0<a href=\"https:\/\/irisphoto.eu\/\" target=\"_blank\" rel=\"nofollow noopener\">,<\/a>\u00a0\u00e7al\u0131\u015fanlar\u0131n\u0131z\u0131n uzun s\u00fcre olumlu bir \u015fekilde bahsedece\u011fi ve orada bulunanlar aras\u0131nda canl\u0131 bir al\u0131\u015fveri\u015fin garanti edildi\u011fi muhte\u015fem bir deneyim sunabilirsiniz.<\/p><p>\u0130ris foto\u011fraf\u00e7\u0131l\u0131\u011f\u0131, sanat\u00e7\u0131n\u0131n bireysel imzas\u0131n\u0131 ta\u015f\u0131yan foto\u011fraf sanat\u0131d\u0131r. Bu nedenle iris foto\u011fraflar\u0131 taraf\u0131m\u0131zdan olu\u015fturulmu\u015ftur.<\/p><p>Ayr\u0131ca ticari fuarlar\u00a0, ekip etkinlikleri, m\u00fc\u015fteri etkinlikleri, kongreler, toplant\u0131lar, \u015firket y\u0131ld\u00f6n\u00fcmleri, d\u00fc\u011f\u00fcnler, do\u011fum g\u00fcnleri gibi\u00a0ticari\u00a0veya\u00a0\u00f6zel etkinlikleriniz\u00a0i\u00e7in muhte\u015fem iris foto\u011fraf\u00e7\u0131l\u0131\u011f\u0131 i\u00e7in rezervasyon yapt\u0131rabilirsiniz<\/p>\t\t\t\t\t\t\t\t<\/div>\n\t\t\t\t\t<\/div>\n\t\t<\/div>\n\t\t\t\t\t<\/div>\n\t\t<\/section>\n\t\t<div class=\"elementor-element elementor-element-228aad3 e-flex e-con-boxed e-con e-parent\" data-id=\"228aad3\" data-element_type=\"container\" data-e-type=\"container\">\n\t\t\t\t\t<div class=\"e-con-inner\">\n\t\t<div class=\"elementor-element elementor-element-c2abbc7 e-flex e-con-boxed e-con e-child\" data-id=\"c2abbc7\" data-element_type=\"container\" data-e-type=\"container\">\n\t\t\t\t\t<div class=\"e-con-inner\">\n\t\t<div class=\"elementor-element elementor-element-253a198 e-con-full e-flex e-con e-child\" data-id=\"253a198\" data-element_type=\"container\" data-e-type=\"container\">\n\t\t\t\t<div class=\"elementor-element elementor-element-2c7888d elementor-widget elementor-widget-spacer\" data-id=\"2c7888d\" data-element_type=\"widget\" data-e-type=\"widget\" data-widget_type=\"spacer.default\">\n\t\t\t\t\t\t\t<div class=\"elementor-spacer\">\n\t\t\t<div class=\"elementor-spacer-inner\"><\/div>\n\t\t<\/div>\n\t\t\t\t\t\t<\/div>\n\t\t\t\t<div class=\"elementor-element elementor-element-5ca9dc2 elementor-widget elementor-widget-text-editor\" data-id=\"5ca9dc2\" data-element_type=\"widget\" data-e-type=\"widget\" data-widget_type=\"text-editor.default\">\n\t\t\t\t\t\t\t\t\t<p>\u0130ristograf en \u00fcst d\u00fczeyde yenilik\u00e7i ve estetik iris foto\u011fraf\u00e7\u0131l\u0131\u011f\u0131 anlam\u0131na gelir. T\u00fcrkiye\u2019nin en b\u00fcy\u00fck iris foto\u011fraf\u00e7\u0131l\u0131\u011f\u0131 markas\u0131 olarak, yaln\u0131zca y\u00fcksek kaliteli g\u00f6r\u00fcnt\u00fcler sunmakla kalm\u0131yor, ayn\u0131 zamanda \u015firket partiniz i\u00e7in benzersiz bir deneyim de sunuyoruz.<\/p>\t\t\t\t\t\t\t\t<\/div>\n\t\t\t\t<div class=\"elementor-element elementor-element-62cc250 elementor-widget elementor-widget-heading\" data-id=\"62cc250\" data-element_type=\"widget\" data-e-type=\"widget\" data-widget_type=\"heading.default\">\n\t\t\t\t\t<h5 class=\"elementor-heading-title elementor-size-default\">D\u00fc\u011f\u00fcnler<\/h5>\t\t\t\t<\/div>\n\t\t\t\t<div class=\"elementor-element elementor-element-d429ca6 elementor-widget elementor-widget-text-editor\" data-id=\"d429ca6\" data-element_type=\"widget\" data-e-type=\"widget\" data-widget_type=\"text-editor.default\">\n\t\t\t\t\t\t\t\t\t<p>Iris foto\u011fraf standlar\u0131m\u0131zla en \u00f6zel g\u00fcn\u00fcndeki misafitlerinize ve yak\u0131nlar\u0131n\u0131za ola\u011fan\u00fcst\u00fc bir deneyim sunun.<\/p>\t\t\t\t\t\t\t\t<\/div>\n\t\t\t\t<div class=\"elementor-element elementor-element-78639e2 elementor-widget elementor-widget-heading\" data-id=\"78639e2\" data-element_type=\"widget\" data-e-type=\"widget\" data-widget_type=\"heading.default\">\n\t\t\t\t\t<h5 class=\"elementor-heading-title elementor-size-default\">Yaz festivalleri<\/h5>\t\t\t\t<\/div>\n\t\t\t\t<div class=\"elementor-element elementor-element-06a3240 elementor-widget elementor-widget-text-editor\" data-id=\"06a3240\" data-element_type=\"widget\" data-e-type=\"widget\" data-widget_type=\"text-editor.default\">\n\t\t\t\t\t\t\t\t\t<p>Yaz partinize kesin bir \u015fey verin ve misafirlerinizi benzersiz bir deneyimle \u015fa\u015f\u0131rt\u0131n.<\/p>\t\t\t\t\t\t\t\t<\/div>\n\t\t\t\t<\/div>\n\t\t<div class=\"elementor-element elementor-element-edccb53 e-con-full e-flex e-con e-child\" data-id=\"edccb53\" data-element_type=\"container\" data-e-type=\"container\" data-settings=\"{&quot;background_background&quot;:&quot;classic&quot;}\">\n\t\t\t\t<\/div>\n\t\t\t\t\t<\/div>\n\t\t\t\t<\/div>\n\t\t\t\t\t<\/div>\n\t\t\t\t<\/div>\n\t\t<div class=\"elementor-element elementor-element-5db8c79 e-flex e-con-boxed e-con e-parent\" data-id=\"5db8c79\" data-element_type=\"container\" data-e-type=\"container\" data-settings=\"{&quot;background_background&quot;:&quot;classic&quot;}\">\n\t\t\t\t\t<div class=\"e-con-inner\">\n\t\t\t\t<div class=\"elementor-element elementor-element-4d01590 elementor-widget elementor-widget-spacer\" data-id=\"4d01590\" data-element_type=\"widget\" data-e-type=\"widget\" data-widget_type=\"spacer.default\">\n\t\t\t\t\t\t\t<div class=\"elementor-spacer\">\n\t\t\t<div class=\"elementor-spacer-inner\"><\/div>\n\t\t<\/div>\n\t\t\t\t\t\t<\/div>\n\t\t\t\t\t<\/div>\n\t\t\t\t<\/div>\n\t\t<div class=\"elementor-element elementor-element-9b27326 e-flex e-con-boxed e-con e-parent\" data-id=\"9b27326\" data-element_type=\"container\" data-e-type=\"container\" data-settings=\"{&quot;background_background&quot;:&quot;classic&quot;}\">\n\t\t\t\t\t<div class=\"e-con-inner\">\n\t\t<div class=\"elementor-element elementor-element-4b7f678 e-grid e-con-full e-con e-child\" data-id=\"4b7f678\" data-element_type=\"container\" data-e-type=\"container\">\n\t\t<div class=\"elementor-element elementor-element-7123d14 e-con-full e-flex e-con e-child\" data-id=\"7123d14\" data-element_type=\"container\" data-e-type=\"container\" data-settings=\"{&quot;background_background&quot;:&quot;classic&quot;}\">\n\t\t\t\t<\/div>\n\t\t<div class=\"elementor-element elementor-element-8722677 e-con-full e-flex e-con e-child\" data-id=\"8722677\" data-element_type=\"container\" data-e-type=\"container\">\n\t\t\t\t<div class=\"elementor-element elementor-element-257b27a elementor-widget elementor-widget-heading\" data-id=\"257b27a\" data-element_type=\"widget\" data-e-type=\"widget\" data-widget_type=\"heading.default\">\n\t\t\t\t\t<h4 class=\"elementor-heading-title elementor-size-default\">Etkinlik pazarlamas\u0131nda yenilik<\/h4>\t\t\t\t<\/div>\n\t\t\t\t<div class=\"elementor-element elementor-element-04e12d4 elementor-widget elementor-widget-text-editor\" data-id=\"04e12d4\" data-element_type=\"widget\" data-e-type=\"widget\" data-widget_type=\"text-editor.default\">\n\t\t\t\t\t\t\t\t\t<h5>Biraz farkl\u0131 bir etkinlik fikri<\/h5><p>iris fotograf\u0131 \u00e7ok \u00f6zel ve benzersiz bir \u015feydir. Hi\u00e7bir iki iris ayn\u0131 degildir, tek yumurta ikizlerinin bile tamamen farkl\u0131 irisleri vard\u0131r. Bunun neden b\u00f6yle oldugunu iris fotograf \u00e7ekiminde size anlatmaktan memnuniyet duyar\u0131z.<\/p>\t\t\t\t\t\t\t\t<\/div>\n\t\t\t\t<\/div>\n\t\t\t\t<\/div>\n\t\t\t\t<div class=\"elementor-element elementor-element-f3ec75c elementor-widget elementor-widget-spacer\" data-id=\"f3ec75c\" data-element_type=\"widget\" data-e-type=\"widget\" data-widget_type=\"spacer.default\">\n\t\t\t\t\t\t\t<div class=\"elementor-spacer\">\n\t\t\t<div class=\"elementor-spacer-inner\"><\/div>\n\t\t<\/div>\n\t\t\t\t\t\t<\/div>\n\t\t\t\t\t<\/div>\n\t\t\t\t<\/div>\n\t\t<div class=\"elementor-element elementor-element-cc73e8c e-flex e-con-boxed e-con e-parent\" data-id=\"cc73e8c\" data-element_type=\"container\" data-e-type=\"container\" data-settings=\"{&quot;background_background&quot;:&quot;classic&quot;}\">\n\t\t\t\t\t<div class=\"e-con-inner\">\n\t\t<div class=\"elementor-element elementor-element-0253812 e-con-full e-flex e-con e-child\" data-id=\"0253812\" data-element_type=\"container\" data-e-type=\"container\" data-settings=\"{&quot;background_background&quot;:&quot;classic&quot;}\">\n\t\t<div class=\"elementor-element elementor-element-5df0292 e-con-full e-flex e-con e-child\" data-id=\"5df0292\" data-element_type=\"container\" data-e-type=\"container\">\n\t\t\t\t<div class=\"elementor-element elementor-element-df9dc54 elementor-widget__width-initial elementor-widget elementor-widget-image\" data-id=\"df9dc54\" data-element_type=\"widget\" data-e-type=\"widget\" data-widget_type=\"image.default\">\n\t\t\t\t\t\t\t\t\t\t\t\t\t\t\t<img fetchpriority=\"high\" decoding=\"async\" width=\"768\" height=\"512\" src=\"https:\/\/www.irisfotografcilik.com\/wp-content\/uploads\/2025\/01\/iris-tablo-ozel-gun-tablosu-768x512.webp\" class=\"attachment-medium_large size-medium_large wp-image-408\" alt=\"\" srcset=\"https:\/\/www.irisfotografcilik.com\/wp-content\/uploads\/2025\/01\/iris-tablo-ozel-gun-tablosu-768x512.webp 768w, https:\/\/www.irisfotografcilik.com\/wp-content\/uploads\/2025\/01\/iris-tablo-ozel-gun-tablosu-300x200.webp 300w, https:\/\/www.irisfotografcilik.com\/wp-content\/uploads\/2025\/01\/iris-tablo-ozel-gun-tablosu-1024x683.webp 1024w, https:\/\/www.irisfotografcilik.com\/wp-content\/uploads\/2025\/01\/iris-tablo-ozel-gun-tablosu-1536x1024.webp 1536w, https:\/\/www.irisfotografcilik.com\/wp-content\/uploads\/2025\/01\/iris-tablo-ozel-gun-tablosu-2048x1365.webp 2048w\" sizes=\"(max-width: 768px) 100vw, 768px\" \/>\t\t\t\t\t\t\t\t\t\t\t\t\t\t\t<\/div>\n\t\t\t\t<\/div>\n\t\t<div class=\"elementor-element elementor-element-a3d2fab e-con-full e-flex e-con e-child\" data-id=\"a3d2fab\" data-element_type=\"container\" data-e-type=\"container\">\n\t\t\t\t<div class=\"elementor-element elementor-element-03d8f0f elementor-widget elementor-widget-heading\" data-id=\"03d8f0f\" data-element_type=\"widget\" data-e-type=\"widget\" data-widget_type=\"heading.default\">\n\t\t\t\t\t<h4 class=\"elementor-heading-title elementor-size-default\">Etkinli\u011finiz i\u00e7in s\u0131ra d\u0131\u015f\u0131 bir hediye sipari\u015f edin<\/h4>\t\t\t\t<\/div>\n\t\t\t\t<div class=\"elementor-element elementor-element-38910d3 elementor-widget elementor-widget-text-editor\" data-id=\"38910d3\" data-element_type=\"widget\" data-e-type=\"widget\" data-widget_type=\"text-editor.default\">\n\t\t\t\t\t\t\t\t\t<p>Bir d\u00fc\u011f\u00fcn, \u015firket partisi veya do\u011fum g\u00fcn\u00fc partisinin misafirlerini \u015fa\u015f\u0131rt\u0131n! Herkes kendi g\u00f6z irisinin benzersiz foto\u011fraf\u0131n\u0131 \u00e7ektirecek ve ak\u015fam\u0131n an\u0131s\u0131na yan\u0131nda g\u00f6t\u00fcrecek.<br \/>Her g\u00fcn etraf\u0131n\u0131zda y\u00fczlerce g\u00f6z g\u00f6r\u00fcyorsunuz. Ama ger\u00e7ek g\u00fczelliklerini fark etmiyorsunuz. Bizim yard\u0131m\u0131m\u0131zla sadece g\u00f6zlerinizin irisini de\u011fil, bir sanat eserini g\u00f6receksiniz.<\/p><p>\u00a0<\/p><p>Ki\u015fiye \u00f6zel iris foto\u011fraf\u00e7\u0131l\u0131k \u00fcr\u00fcnlerimiz ile, kurumsal etkinliklerinizde m\u00fc\u015fterilerine sunabilece\u011finiz \u00f6zel bir hediyedir. \u0130\u015f ortakl\u0131\u011f\u0131m\u0131z neticesinde, kar\u015f\u0131l\u0131kl\u0131 fayda sa\u011flayacak yeni f\u0131rsatlar olu\u015faca\u011f\u0131na inan\u0131yoruz.<\/p>\t\t\t\t\t\t\t\t<\/div>\n\t\t\t\t<\/div>\n\t\t\t\t<\/div>\n\t\t\t\t\t<\/div>\n\t\t\t\t<\/div>\n\t\t<div class=\"elementor-element elementor-element-e9d2cf5 e-flex e-con-boxed e-con e-parent\" data-id=\"e9d2cf5\" data-element_type=\"container\" data-e-type=\"container\" data-settings=\"{&quot;background_background&quot;:&quot;classic&quot;}\">\n\t\t\t\t\t<div class=\"e-con-inner\">\n\t\t\t\t<div class=\"elementor-element elementor-element-543cb18 elementor-widget elementor-widget-spacer\" data-id=\"543cb18\" data-element_type=\"widget\" data-e-type=\"widget\" data-widget_type=\"spacer.default\">\n\t\t\t\t\t\t\t<div class=\"elementor-spacer\">\n\t\t\t<div class=\"elementor-spacer-inner\"><\/div>\n\t\t<\/div>\n\t\t\t\t\t\t<\/div>\n\t\t\t\t\t<\/div>\n\t\t\t\t<\/div>\n\t\t<div class=\"elementor-element elementor-element-4271f3b e-flex e-con-boxed e-con e-parent\" data-id=\"4271f3b\" data-element_type=\"container\" data-e-type=\"container\" data-settings=\"{&quot;background_background&quot;:&quot;classic&quot;}\">\n\t\t\t\t\t<div class=\"e-con-inner\">\n\t\t<div class=\"elementor-element elementor-element-74687df e-con-full e-flex e-con e-child\" data-id=\"74687df\" data-element_type=\"container\" data-e-type=\"container\" data-settings=\"{&quot;background_background&quot;:&quot;classic&quot;}\">\n\t\t<div class=\"elementor-element elementor-element-d06d89c e-con-full e-flex e-con e-child\" data-id=\"d06d89c\" data-element_type=\"container\" data-e-type=\"container\">\n\t\t\t\t<div class=\"elementor-element elementor-element-e9754a1 elementor-widget__width-initial elementor-widget elementor-widget-image\" data-id=\"e9754a1\" data-element_type=\"widget\" data-e-type=\"widget\" data-widget_type=\"image.default\">\n\t\t\t\t\t\t\t\t\t\t\t\t\t\t\t<img decoding=\"async\" width=\"768\" height=\"768\" src=\"https:\/\/www.irisfotografcilik.com\/wp-content\/uploads\/2025\/01\/iris-dogum-gunu-partisi-hed-768x768.webp\" class=\"attachment-medium_large size-medium_large wp-image-396\" alt=\"\" srcset=\"https:\/\/www.irisfotografcilik.com\/wp-content\/uploads\/2025\/01\/iris-dogum-gunu-partisi-hed-768x768.webp 768w, https:\/\/www.irisfotografcilik.com\/wp-content\/uploads\/2025\/01\/iris-dogum-gunu-partisi-hed-300x300.webp 300w, https:\/\/www.irisfotografcilik.com\/wp-content\/uploads\/2025\/01\/iris-dogum-gunu-partisi-hed-1024x1024.webp 1024w, https:\/\/www.irisfotografcilik.com\/wp-content\/uploads\/2025\/01\/iris-dogum-gunu-partisi-hed-150x150.webp 150w, https:\/\/www.irisfotografcilik.com\/wp-content\/uploads\/2025\/01\/iris-dogum-gunu-partisi-hed-1536x1536.webp 1536w, https:\/\/www.irisfotografcilik.com\/wp-content\/uploads\/2025\/01\/iris-dogum-gunu-partisi-hed-2048x2048.webp 2048w\" sizes=\"(max-width: 768px) 100vw, 768px\" \/>\t\t\t\t\t\t\t\t\t\t\t\t\t\t\t<\/div>\n\t\t\t\t<\/div>\n\t\t<div class=\"elementor-element elementor-element-76eaada e-con-full e-flex e-con e-child\" data-id=\"76eaada\" data-element_type=\"container\" data-e-type=\"container\">\n\t\t\t\t<div class=\"elementor-element elementor-element-9ddc787 elementor-widget elementor-widget-heading\" data-id=\"9ddc787\" data-element_type=\"widget\" data-e-type=\"widget\" data-widget_type=\"heading.default\">\n\t\t\t\t\t<h4 class=\"elementor-heading-title elementor-size-default\">G\u00f6z\u00fcn Gizemli D\u00fcnyas\u0131: iris Foto\u011fraf\u00e7\u0131l\u0131\u011f\u0131na Yolculuk<\/h4>\t\t\t\t<\/div>\n\t\t\t\t<div class=\"elementor-element elementor-element-c068f05 elementor-widget elementor-widget-text-editor\" data-id=\"c068f05\" data-element_type=\"widget\" data-e-type=\"widget\" data-widget_type=\"text-editor.default\">\n\t\t\t\t\t\t\t\t\t<p>Okulunuza&nbsp; \u00f6zel e\u011flence aktiviteleri, kutlamalar, \u00f6d\u00fcl t\u00f6renleri, e\u011fitim organizasyonlar\u0131 gibi etkinliklerinizde size; bilgi ve deneyimlerimizle ekonomik, yarat\u0131c\u0131, kaliteli ve h\u0131zl\u0131 \u00e7\u00f6z\u00fcmler \u00fcretiyor; insan fakt\u00f6r\u00fc ve teknoloji ile birle\u015ftirerek hizmetinize sunuyoruz<\/p>\n<p><\/p>\n<p>Do\u011fum g\u00fcn\u00fc etkinlikleriniz de \u00e7ocu\u011funuza ve arkada\u015flar\u0131na en \u00f6zel hediyeyi vermek istemez misiniz ?<\/p>\t\t\t\t\t\t\t\t<\/div>\n\t\t\t\t<\/div>\n\t\t\t\t<\/div>\n\t\t\t\t\t<\/div>\n\t\t\t\t<\/div>\n\t\t<div class=\"elementor-element elementor-element-e841fdc e-flex e-con-boxed e-con e-parent\" data-id=\"e841fdc\" data-element_type=\"container\" data-e-type=\"container\" data-settings=\"{&quot;background_background&quot;:&quot;classic&quot;}\">\n\t\t\t\t\t<div class=\"e-con-inner\">\n\t\t\t\t<div class=\"elementor-element elementor-element-d336a2f elementor-widget elementor-widget-spacer\" data-id=\"d336a2f\" data-element_type=\"widget\" data-e-type=\"widget\" data-widget_type=\"spacer.default\">\n\t\t\t\t\t\t\t<div class=\"elementor-spacer\">\n\t\t\t<div class=\"elementor-spacer-inner\"><\/div>\n\t\t<\/div>\n\t\t\t\t\t\t<\/div>\n\t\t\t\t\t<\/div>\n\t\t\t\t<\/div>\n\t\t\t\t<\/div>\n\t\t","protected":false},"excerpt":{"rendered":"<p>\u0130ris Foto\u011fraf\u00e7\u0131l\u0131k Etkinliklerde Yenilik G\u00f6z Foto\u011fraf\u00e7\u0131l\u0131\u011f\u0131 ETK\u0130NL\u0130KLER\u0130N\u0130Z\u0130 M\u00dcTH\u0130\u015e HALE GET\u0130R\u0130N G\u00f6z Foto\u011fraf\u00e7\u0131l\u0131\u011f\u0131, etkinlikler i\u00e7in yeni ve benzersiz bir e\u011flencedir; foto\u011fraf\u00e7\u0131, konuklar\u0131n\u0131z\u0131n g\u00f6zlerinin foto\u011fraflar\u0131n\u0131 \u00e7eker ve daha sonra bunu sanata d\u00f6n\u00fc\u015ft\u00fcr\u00fcr, bu etkinlikte canl\u0131 olarak ger\u00e7ekle\u015fir! Bu hizmet, a\u011f olu\u015fturma etkinlikleri, konferanslar ve kurumsal toplant\u0131lar\u0131n yan\u0131 s\u0131ra teknoloji, bilim, gelecek vizyonu ve sanat temalar\u0131 i\u00e7eren etkinlikler [&hellip;]<\/p>\n","protected":false},"author":1,"featured_media":0,"parent":0,"menu_order":0,"comment_status":"closed","ping_status":"closed","template":"elementor_header_footer","meta":{"footnotes":""},"class_list":["post-75","page","type-page","status-publish","hentry"],"_links":{"self":[{"href":"https:\/\/www.irisfotografcilik.com\/index.php?rest_route=\/wp\/v2\/pages\/75","targetHints":{"allow":["GET"]}}],"collection":[{"href":"https:\/\/www.irisfotografcilik.com\/index.php?rest_route=\/wp\/v2\/pages"}],"about":[{"href":"https:\/\/www.irisfotografcilik.com\/index.php?rest_route=\/wp\/v2\/types\/page"}],"author":[{"embeddable":true,"href":"https:\/\/www.irisfotografcilik.com\/index.php?rest_route=\/wp\/v2\/users\/1"}],"replies":[{"embeddable":true,"href":"https:\/\/www.irisfotografcilik.com\/index.php?rest_route=%2Fwp%2Fv2%2Fcomments&post=75"}],"version-history":[{"count":0,"href":"https:\/\/www.irisfotografcilik.com\/index.php?rest_route=\/wp\/v2\/pages\/75\/revisions"}],"wp:attachment":[{"href":"https:\/\/www.irisfotografcilik.com\/index.php?rest_route=%2Fwp%2Fv2%2Fmedia&parent=75"}],"curies":[{"name":"wp","href":"https:\/\/api.w.org\/{rel}","templated":true}]}}